{"id":5843,"date":"2023-09-20T08:19:42","date_gmt":"2023-09-20T08:19:42","guid":{"rendered":"http:\/\/191.101.1.109\/?post_type=product&#038;p=5843"},"modified":"2023-09-17T14:28:21","modified_gmt":"2023-09-17T14:28:21","slug":"nike-sport-2023","status":"publish","type":"product","link":"\/?product=nike-sport-2023","title":{"rendered":"Nike Sport 2023"},"content":{"rendered":"<p><b>Belle paire de Nike 2023<\/b>\u00a0 une chaussures pour les nouveaux swaggs , facile \u00e0 porter qui prendre culotte , pantalons\u00a0 passe m\u00eame sous des vestes . N&rsquo;h\u00e9siter pas \u00e0 vous rendre le pieds beau avec la NIKER 2023.<\/p>\n<ul>\n<li dir=\"auto\">Mati\u00e8re : Cotton<\/li>\n<li dir=\"auto\">Couleur:\u00a0 Noir<\/li>\n<li dir=\"auto\">Pointure :\u00a0 42 , 43<\/li>\n<\/ul>\n","protected":false},"excerpt":{"rendered":"<p><b>Belle paire de Nike 2023<\/b>\u00a0 une chaussures pour les nouveaux swaggs , facile \u00e0 porter qui prendre culotte , pantalons\u00a0 passe m\u00eame sous des vestes . N&rsquo;h\u00e9siter pas \u00e0 vous rendre le pieds beau avec la NIKER 2023.<\/p>\n<ul>\n<li dir=\"auto\">Mati\u00e8re : Cotton<\/li>\n<li dir=\"auto\">Couleur:\u00a0 Noir<\/li>\n<li dir=\"auto\">Pointure :\u00a0 42 , 43<\/li>\n<\/ul>\n","protected":false},"featured_media":5844,"comment_status":"open","ping_status":"closed","template":"","meta":{"inline_featured_image":false},"product_cat":[87],"product_tag":[],"_links":{"self":[{"href":"\/index.php?rest_route=\/wp\/v2\/product\/5843"}],"collection":[{"href":"\/index.php?rest_route=\/wp\/v2\/product"}],"about":[{"href":"\/index.php?rest_route=\/wp\/v2\/types\/product"}],"replies":[{"embeddable":true,"href":"\/index.php?rest_route=%2Fwp%2Fv2%2Fcomments&post=5843"}],"version-history":[{"count":2,"href":"\/index.php?rest_route=\/wp\/v2\/product\/5843\/revisions"}],"predecessor-version":[{"id":5851,"href":"\/index.php?rest_route=\/wp\/v2\/product\/5843\/revisions\/5851"}],"wp:featuredmedia":[{"embeddable":true,"href":"\/index.php?rest_route=\/wp\/v2\/media\/5844"}],"wp:attachment":[{"href":"\/index.php?rest_route=%2Fwp%2Fv2%2Fmedia&parent=5843"}],"wp:term":[{"taxonomy":"product_cat","embeddable":true,"href":"\/index.php?rest_route=%2Fwp%2Fv2%2Fproduct_cat&post=5843"},{"taxonomy":"product_tag","embeddable":true,"href":"\/index.php?rest_route=%2Fwp%2Fv2%2Fproduct_tag&post=5843"}],"curies":[{"name":"wp","href":"https:\/\/api.w.org\/{rel}","templated":true}]}}