{"id":5497,"date":"2023-07-31T13:50:57","date_gmt":"2023-07-31T13:50:57","guid":{"rendered":"http:\/\/191.101.1.109\/?post_type=product&#038;p=5497"},"modified":"2025-07-09T03:45:38","modified_gmt":"2025-07-09T03:45:38","slug":"tapette-gagnoa-en-cuir","status":"publish","type":"product","link":"\/?product=tapette-gagnoa-en-cuir","title":{"rendered":"Tapette Gagnoa en Cuir"},"content":{"rendered":"<p><b>Tapette Gagnoa est faite en cuir\u00a0<\/b> fabriqu\u00e9es\u00a0localement par des artisans . elle est tr\u00e8s durable et r\u00e9siste au temps . Pour ceux qui veulent des chaussures qui sont tr\u00e8s r\u00e9sistantes. Avec 8000 FCFA seulement vous avez la possibilit\u00e9 d&rsquo;avoir cette pr\u00e9cieuse chaussure<\/p>\n<ul>\n<li dir=\"auto\"><strong>Mati\u00e8re : Cuir<\/strong><\/li>\n<li dir=\"auto\"><strong>Couleur: Noir , Bleu , Rouge<\/strong><\/li>\n<li dir=\"auto\"><strong>Pointure: 40 , 44, 29 , 42<\/strong><\/li>\n<\/ul>\n","protected":false},"excerpt":{"rendered":"<p><b>Tapette Gagnoa est faite en cuir\u00a0<\/b> fabriqu\u00e9es\u00a0localement par des artisans . elle est tr\u00e8s durable et r\u00e9siste au temps . Pour ceux qui veulent des chaussures qui sont tr\u00e8s r\u00e9sistantes. Avec 8000 FCFA seulement vous avez la possibilit\u00e9 d&rsquo;avoir cette pr\u00e9cieuse chaussure<\/p>\n<ul>\n<li dir=\"auto\"><strong>Mati\u00e8re : Cuir<\/strong><\/li>\n<li dir=\"auto\"><strong>Couleur: Noir , Bleu , Rouge<\/strong><\/li>\n<li dir=\"auto\"><strong>Pointure: 40 , 44, 29 , 42<\/strong><\/li>\n<\/ul>\n","protected":false},"featured_media":5500,"comment_status":"open","ping_status":"closed","template":"","meta":{"inline_featured_image":false},"product_cat":[87],"product_tag":[],"_links":{"self":[{"href":"\/index.php?rest_route=\/wp\/v2\/product\/5497"}],"collection":[{"href":"\/index.php?rest_route=\/wp\/v2\/product"}],"about":[{"href":"\/index.php?rest_route=\/wp\/v2\/types\/product"}],"replies":[{"embeddable":true,"href":"\/index.php?rest_route=%2Fwp%2Fv2%2Fcomments&post=5497"}],"version-history":[{"count":2,"href":"\/index.php?rest_route=\/wp\/v2\/product\/5497\/revisions"}],"predecessor-version":[{"id":5726,"href":"\/index.php?rest_route=\/wp\/v2\/product\/5497\/revisions\/5726"}],"wp:featuredmedia":[{"embeddable":true,"href":"\/index.php?rest_route=\/wp\/v2\/media\/5500"}],"wp:attachment":[{"href":"\/index.php?rest_route=%2Fwp%2Fv2%2Fmedia&parent=5497"}],"wp:term":[{"taxonomy":"product_cat","embeddable":true,"href":"\/index.php?rest_route=%2Fwp%2Fv2%2Fproduct_cat&post=5497"},{"taxonomy":"product_tag","embeddable":true,"href":"\/index.php?rest_route=%2Fwp%2Fv2%2Fproduct_tag&post=5497"}],"curies":[{"name":"wp","href":"https:\/\/api.w.org\/{rel}","templated":true}]}}