{"id":5464,"date":"2023-07-31T12:24:44","date_gmt":"2023-07-31T12:24:44","guid":{"rendered":"http:\/\/191.101.1.109\/?post_type=product&#038;p=5464"},"modified":"2023-08-19T13:26:42","modified_gmt":"2023-08-19T13:26:42","slug":"tshirt-ellesse-unique","status":"publish","type":"product","link":"\/?product=tshirt-ellesse-unique","title":{"rendered":"Tshirt Ellesse Unique"},"content":{"rendered":"<p><strong>Tshirt Ellesse Unique<\/strong> en\u00a0 touchant vous saurez faire la diff\u00e9rence ; D\u00e9couvrez en boutique notre t-shirt unique qui passe sur tous type de pantalons. Id\u00e9al aussi pour faire des sortir entre amis.<\/p>\n<ul>\n<li dir=\"auto\">Mati\u00e8re : Cotton<\/li>\n<li dir=\"auto\">Couleur: Blanc<\/li>\n<li dir=\"auto\">Taille :\u00a0 L , 3XL , S<\/li>\n<\/ul>\n<p>&nbsp;<\/p>\n","protected":false},"excerpt":{"rendered":"<p><strong>Tshirt Ellesse Unique<\/strong> en\u00a0 touchant vous saurez faire la diff\u00e9rence ; D\u00e9couvrez en boutique notre t-shirt unique qui passe sur tous type de pantalons. Id\u00e9al aussi pour faire des sortir entre amis.<\/p>\n<ul>\n<li dir=\"auto\">Mati\u00e8re : Cotton<\/li>\n<li dir=\"auto\">Couleur: Blanc<\/li>\n<li dir=\"auto\">Taille :\u00a0 L , 3XL , S<\/li>\n<\/ul>\n<p>&nbsp;<\/p>\n","protected":false},"featured_media":5468,"comment_status":"open","ping_status":"closed","template":"","meta":{"inline_featured_image":false},"product_cat":[95],"product_tag":[],"_links":{"self":[{"href":"\/index.php?rest_route=\/wp\/v2\/product\/5464"}],"collection":[{"href":"\/index.php?rest_route=\/wp\/v2\/product"}],"about":[{"href":"\/index.php?rest_route=\/wp\/v2\/types\/product"}],"replies":[{"embeddable":true,"href":"\/index.php?rest_route=%2Fwp%2Fv2%2Fcomments&post=5464"}],"version-history":[{"count":3,"href":"\/index.php?rest_route=\/wp\/v2\/product\/5464\/revisions"}],"predecessor-version":[{"id":5722,"href":"\/index.php?rest_route=\/wp\/v2\/product\/5464\/revisions\/5722"}],"wp:featuredmedia":[{"embeddable":true,"href":"\/index.php?rest_route=\/wp\/v2\/media\/5468"}],"wp:attachment":[{"href":"\/index.php?rest_route=%2Fwp%2Fv2%2Fmedia&parent=5464"}],"wp:term":[{"taxonomy":"product_cat","embeddable":true,"href":"\/index.php?rest_route=%2Fwp%2Fv2%2Fproduct_cat&post=5464"},{"taxonomy":"product_tag","embeddable":true,"href":"\/index.php?rest_route=%2Fwp%2Fv2%2Fproduct_tag&post=5464"}],"curies":[{"name":"wp","href":"https:\/\/api.w.org\/{rel}","templated":true}]}}